{"id":1870,"date":"2017-11-05T19:29:38","date_gmt":"2017-11-05T19:29:38","guid":{"rendered":"https:\/\/gpstartersites.com\/wordsmith\/?page_id=16"},"modified":"2021-08-04T13:38:34","modified_gmt":"2021-08-04T13:38:34","slug":"contact","status":"publish","type":"page","link":"https:\/\/www.chateau.lamondette.fr\/en\/contact\/","title":{"rendered":"Visits"},"content":{"rendered":"<p class=\"has-text-align-center\">You are welcome to visit La Mondette, to visit the cellar or to organise private tastings, do not hesitate to contact us.<\/p>\n\n\n\n<p class=\"has-text-align-center\">T\u00e9l. 06.87.08.89.21\/05.57.40.11.46<\/p>\n\n\n\n<p class=\"has-text-align-center\">Mail: chateau.lamondette@gmail.com<\/p>\n\n\n\n<p class=\"has-text-align-center\">EARL Chateau La Mondette<br>33350 Les Salles-de-Castillon<\/p>\n\n\n\n<h2 class=\"has-text-align-center wp-block-heading\">GPS Coordinates<\/h2>\n\n\n\n<p class=\"has-text-align-center\">44\u00b055&rsquo;25\u00a0\u00bb N&nbsp; &nbsp;00\u00b001&rsquo;16\u00a0\u00bb E&nbsp;&nbsp;&nbsp;<\/p>\n\n\n\n<div>\n<p class=\"has-text-align-center\"> \n<iframe loading=\"lazy\"  class=\"has-text-align-center\" src=\"https:\/\/www.google.com\/maps\/embed?pb=!1m18!1m12!1m3!1d11299.921992281083!2d0.012619679349965548!3d44.923732113929105!2m3!1f0!2f0!3f0!3m2!1i1024!2i768!4f13.1!3m3!1m2!1s0x0%3A0x1f38002d76cc7cf5!2sG%C3%AEte%20La%20Mondette!5e0!3m2!1sfr!2sfr!4v1588673429588!5m2!1sfr!2sfr\" style=\"border:0;\" allowfullscreen=\"\" aria-hidden=\"false\" tabindex=\"0\" width=\"600\" height=\"450\" frameborder=\"0\"> \n<\/iframe>\n<\/p>\n<\/div>\n\n\n\n<p><\/p>","protected":false},"excerpt":{"rendered":"<p>Vous \u00eates les bienvenus \u00e0 la Mondette, pour la visite du chai ou l&rsquo;organisation de d\u00e9gustations priv\u00e9es, n&rsquo;h\u00e9sitez pas \u00e0 nous contacter. T\u00e9l. 06.87.08.89.21\/05.57.40.11.46 Mail: chateau.lamondette@gmail.com EARL Chateau La Mondette33350 Les Salles-de-Castillon COORDONN\u00c9ES GPS 44\u00b055&rsquo;25\u00a0\u00bb N&nbsp; &nbsp;00\u00b001&rsquo;16\u00a0\u00bb E&nbsp;&nbsp;&nbsp;<\/p>","protected":false},"author":1,"featured_media":0,"parent":0,"menu_order":0,"comment_status":"closed","ping_status":"closed","template":"","meta":{"spay_email":"","footnotes":""},"class_list":["post-1870","page","type-page","status-publish"],"_links":{"self":[{"href":"https:\/\/www.chateau.lamondette.fr\/en\/wp-json\/wp\/v2\/pages\/1870","targetHints":{"allow":["GET"]}}],"collection":[{"href":"https:\/\/www.chateau.lamondette.fr\/en\/wp-json\/wp\/v2\/pages"}],"about":[{"href":"https:\/\/www.chateau.lamondette.fr\/en\/wp-json\/wp\/v2\/types\/page"}],"author":[{"embeddable":true,"href":"https:\/\/www.chateau.lamondette.fr\/en\/wp-json\/wp\/v2\/users\/1"}],"replies":[{"embeddable":true,"href":"https:\/\/www.chateau.lamondette.fr\/en\/wp-json\/wp\/v2\/comments?post=1870"}],"version-history":[{"count":6,"href":"https:\/\/www.chateau.lamondette.fr\/en\/wp-json\/wp\/v2\/pages\/1870\/revisions"}],"predecessor-version":[{"id":3118,"href":"https:\/\/www.chateau.lamondette.fr\/en\/wp-json\/wp\/v2\/pages\/1870\/revisions\/3118"}],"wp:attachment":[{"href":"https:\/\/www.chateau.lamondette.fr\/en\/wp-json\/wp\/v2\/media?parent=1870"}],"curies":[{"name":"wp","href":"https:\/\/api.w.org\/{rel}","templated":true}]}}