{"id":2982,"date":"2021-07-25T14:56:07","date_gmt":"2021-07-25T14:56:07","guid":{"rendered":"http:\/\/www.chateau.lamondette.fr\/?page_id=2982"},"modified":"2025-01-06T15:01:09","modified_gmt":"2025-01-06T15:01:09","slug":"les-vins","status":"publish","type":"page","link":"https:\/\/www.chateau.lamondette.fr\/en\/les-vins\/","title":{"rendered":"The Wines"},"content":{"rendered":"<div class=\"wp-block-image\">\n<figure class=\"aligncenter size-large is-resized\"><img loading=\"lazy\" decoding=\"async\" width=\"711\" height=\"1024\" src=\"http:\/\/www.chateau.lamondette.fr\/wp-content\/uploads\/2021\/07\/bouteille_mondette_lighter-1-711x1024.jpg\" alt=\"Bouteille de Vin La Mondette\" class=\"wp-image-3064\" style=\"width:533px;height:768px\" srcset=\"https:\/\/www.chateau.lamondette.fr\/wp-content\/uploads\/2021\/07\/bouteille_mondette_lighter-1-711x1024.jpg 711w, https:\/\/www.chateau.lamondette.fr\/wp-content\/uploads\/2021\/07\/bouteille_mondette_lighter-1-scaled-600x864.jpg 600w, https:\/\/www.chateau.lamondette.fr\/wp-content\/uploads\/2021\/07\/bouteille_mondette_lighter-1-208x300.jpg 208w, https:\/\/www.chateau.lamondette.fr\/wp-content\/uploads\/2021\/07\/bouteille_mondette_lighter-1-768x1106.jpg 768w, https:\/\/www.chateau.lamondette.fr\/wp-content\/uploads\/2021\/07\/bouteille_mondette_lighter-1-1067x1536.jpg 1067w, https:\/\/www.chateau.lamondette.fr\/wp-content\/uploads\/2021\/07\/bouteille_mondette_lighter-1-1422x2048.jpg 1422w, https:\/\/www.chateau.lamondette.fr\/wp-content\/uploads\/2021\/07\/bouteille_mondette_lighter-1-scaled.jpg 1778w\" sizes=\"auto, (max-width: 711px) 100vw, 711px\" \/><figcaption class=\"wp-element-caption\">La Mondette wine bottle - illustration by Mathilde B\u00e9douet<\/figcaption><\/figure>\n<\/div>\n\n\n<p class=\"has-text-align-center\">Our wines come from a 6-hectare estate of old vines in organic farming, surrounded by 9 hectares of meadows and forests, offering a refuge for the local fauna and flora. Our Merlot and Cabernet Sauvignon grapes are harvested by hand and carefully vinified on the property, under the watchful eye of Agla\u00e9 and Sidonie, our two donkeys and a flock of swallows <\/p>\n\n\n\n<p class=\"has-text-align-center\">L&rsquo;illustration de l&rsquo;\u00e9tiquette de la Mondette 2020 a \u00e9t\u00e9 r\u00e9alis\u00e9 par <a href=\"https:\/\/www.mathildebedouet.com\/\">Mathilde B\u00e9douet<\/a> &#8211; en rupture de stock<\/p>\n\n\n\n<p class=\"has-text-align-center\">Orders can be placed by <a href=\"https:\/\/www.twil.fr\/france\/bordeaux\/chateau-la-mondette.html\">TWIL<\/a>, <a href=\"https:\/\/wirwinzer.de\/weinregionen\/frankreich\/bordeaux\/chateau-la-mondette\">Wirwinzer <\/a>or <a href=\"mailto:chateau.lamondette@gmail.com\" target=\"_blank\" rel=\"noreferrer noopener\">mail<\/a> and regular deliveries are made to Paris and Bordeaux.<\/p>\n\n\n\n<hr class=\"wp-block-separator has-alpha-channel-opacity is-style-dots\"\/>\n\n\n\n<h2 class=\"wp-block-heading has-text-align-center\">La Mondette 2022<\/h2>\n\n\n\n<p class=\"has-text-align-center\">Ce vin gourmand associe un nez de fruits rouges m\u00fbrs \u00e0 une tonalit\u00e9 r\u00e9glisse. La bouche propose des ar\u00f4mes fruit\u00e9s nets et de la fra\u00eecheur avec une bonne acidit\u00e9. La pr\u00e9sence de 10% de cabernet sauvignon associ\u00e9 \u00e0 90% de merlot donne une bonne charpente \u00e0 ce vin et permettra une vieillissement optimal. L&rsquo;ann\u00e9e ensoleill\u00e9e 2022 a permis au merlot de s&rsquo;\u00e9panouir pleinement. Faible quantit\u00e9 de sulfites.<br><br>M\u00e9daille D\u2019or concours expression des vignerons Bio Nouvelle-Aquitaine 2024. <br>\u00ab Le vin prend son ampleur dans le verre en s\u2019exprimant g\u00e9n\u00e9reusement par des notes de fruits noirs, de m\u00fbres, de cassis que l\u2019on retrouve id\u00e9alement en bouche, associ\u00e9es \u00e0 des nuances \u00e9pic\u00e9es venant soutenir la d\u00e9gustation et intensifier le plaisir \u00bb<\/p>\n\n\n<div class=\"wp-block-image\">\n<figure class=\"aligncenter size-large is-resized\"><img loading=\"lazy\" decoding=\"async\" width=\"507\" height=\"1024\" src=\"https:\/\/www.chateau.lamondette.fr\/wp-content\/uploads\/2025\/01\/packshot-la-mondette-2022-507x1024.png\" alt=\"Bouteille de Vin La Mondette 2022\" class=\"wp-image-3244\" style=\"width:374px;height:auto\" srcset=\"https:\/\/www.chateau.lamondette.fr\/wp-content\/uploads\/2025\/01\/packshot-la-mondette-2022-507x1024.png 507w, https:\/\/www.chateau.lamondette.fr\/wp-content\/uploads\/2025\/01\/packshot-la-mondette-2022-149x300.png 149w, https:\/\/www.chateau.lamondette.fr\/wp-content\/uploads\/2025\/01\/packshot-la-mondette-2022-768x1551.png 768w, https:\/\/www.chateau.lamondette.fr\/wp-content\/uploads\/2025\/01\/packshot-la-mondette-2022-761x1536.png 761w, https:\/\/www.chateau.lamondette.fr\/wp-content\/uploads\/2025\/01\/packshot-la-mondette-2022-1014x2048.png 1014w, https:\/\/www.chateau.lamondette.fr\/wp-content\/uploads\/2025\/01\/packshot-la-mondette-2022-6x12.png 6w\" sizes=\"auto, (max-width: 507px) 100vw, 507px\" \/><figcaption class=\"wp-element-caption\">La Mondette 2022<\/figcaption><\/figure>\n<\/div>\n\n\n<hr class=\"wp-block-separator has-css-opacity is-style-dots\"\/>\n\n\n\n<h2 class=\"wp-block-heading has-text-align-center\">Chateau La Mondette<\/h2>\n\n\n\n<p class=\"has-text-align-center\">Ce vin est issu de vieilles vignes de cabernet sauvignon (50%) et de merlot (50%). Nos raisins sont vinifi\u00e9s avec soin (extraction douce, pigeage manuel, cuves thermo-r\u00e9gul\u00e9es) puis \u00e9lev\u00e9s pendant 16 mois en barriques en ch\u00eane Fran\u00e7ais dans notre chai. Ce vin \u00e9l\u00e9gant et complexe (bois\u00e9 et fruit\u00e9) pr\u00e9sente des tanins l\u00e9gers et bien int\u00e9gr\u00e9s avec une bonne acidit\u00e9 garante d\u2019une bonne garde avec taux d\u2019alcool \u00e0 13,5 \u00b0C.<\/p>\n\n\n<div class=\"wp-block-image\">\n<figure class=\"aligncenter size-large is-resized\"><img loading=\"lazy\" decoding=\"async\" width=\"536\" height=\"1024\" src=\"https:\/\/www.chateau.lamondette.fr\/wp-content\/uploads\/2025\/01\/Packshot_La_Mondette_chateau_la_mond_2022-2-1-536x1024.png\" alt=\"\" class=\"wp-image-3251\" style=\"width:268px;height:auto\" srcset=\"https:\/\/www.chateau.lamondette.fr\/wp-content\/uploads\/2025\/01\/Packshot_La_Mondette_chateau_la_mond_2022-2-1-536x1024.png 536w, https:\/\/www.chateau.lamondette.fr\/wp-content\/uploads\/2025\/01\/Packshot_La_Mondette_chateau_la_mond_2022-2-1-157x300.png 157w, https:\/\/www.chateau.lamondette.fr\/wp-content\/uploads\/2025\/01\/Packshot_La_Mondette_chateau_la_mond_2022-2-1-768x1466.png 768w, https:\/\/www.chateau.lamondette.fr\/wp-content\/uploads\/2025\/01\/Packshot_La_Mondette_chateau_la_mond_2022-2-1-805x1536.png 805w, https:\/\/www.chateau.lamondette.fr\/wp-content\/uploads\/2025\/01\/Packshot_La_Mondette_chateau_la_mond_2022-2-1-1073x2048.png 1073w, https:\/\/www.chateau.lamondette.fr\/wp-content\/uploads\/2025\/01\/Packshot_La_Mondette_chateau_la_mond_2022-2-1-6x12.png 6w\" sizes=\"auto, (max-width: 536px) 100vw, 536px\" \/><figcaption class=\"wp-element-caption\">Chateau La Mondette 2022<\/figcaption><\/figure>\n<\/div>\n\n\n<hr class=\"wp-block-separator has-alpha-channel-opacity is-style-dots\"\/>\n\n\n\n<h2 class=\"wp-block-heading has-text-align-center\">Ros\u00e9 La Mondette<br>En rupture de stock<\/h2>\n\n\n<div class=\"wp-block-image\">\n<figure class=\"aligncenter size-full is-resized\"><img loading=\"lazy\" decoding=\"async\" width=\"760\" height=\"833\" src=\"https:\/\/www.chateau.lamondette.fr\/wp-content\/uploads\/2022\/01\/packshot_bouteille-4-edited.jpg\" alt=\"Bouteille de vin ros\u00e9 la mondette pos\u00e9 sur un rondin de bois dans une route pleine de verdure\" class=\"wp-image-3209\" style=\"width:479px;height:525px\" srcset=\"https:\/\/www.chateau.lamondette.fr\/wp-content\/uploads\/2022\/01\/packshot_bouteille-4-edited.jpg 760w, https:\/\/www.chateau.lamondette.fr\/wp-content\/uploads\/2022\/01\/packshot_bouteille-4-edited-274x300.jpg 274w, https:\/\/www.chateau.lamondette.fr\/wp-content\/uploads\/2022\/01\/packshot_bouteille-4-edited-600x658.jpg 600w\" sizes=\"auto, (max-width: 760px) 100vw, 760px\" \/><figcaption class=\"wp-element-caption\">Ros\u00e9 La Mondette<\/figcaption><\/figure>\n<\/div>\n\n\n<p class=\"has-text-align-center\">This ros\u00e9 wine is made from a majority of Cabernet Sauvignon grapes with a small percentage of Merlot harvested by hand. It was produced in very small quantities (less than 1000 bottles). Very light, acidulous and with a controlled alcohol content, this wine is perfect for festive aperitifs, tapas, planchas and summer meals.<br><\/p>\n\n\n\n<p><\/p>","protected":false},"excerpt":{"rendered":"<p>Nos vin sont issu d\u2019un domaine de 6 hectares de vieilles vignes en agriculture biologique, entour\u00e9s de 9 hectares de prairies et de for\u00eats, offrant un refuge pour la faune et la flore locale. Nos raisins de c\u00e9page merlot et cabernet sauvignon, sont vendang\u00e9s manuellement et vinifi\u00e9s avec soin \u00e0 la propri\u00e9t\u00e9, sous le regard &#8230; <a title=\"The Wines\" class=\"read-more\" href=\"https:\/\/www.chateau.lamondette.fr\/en\/les-vins\/\" aria-label=\"More on Les Vins\">Read more<\/a><\/p>","protected":false},"author":1,"featured_media":0,"parent":0,"menu_order":0,"comment_status":"closed","ping_status":"closed","template":"","meta":{"spay_email":"","footnotes":""},"class_list":["post-2982","page","type-page","status-publish"],"_links":{"self":[{"href":"https:\/\/www.chateau.lamondette.fr\/en\/wp-json\/wp\/v2\/pages\/2982","targetHints":{"allow":["GET"]}}],"collection":[{"href":"https:\/\/www.chateau.lamondette.fr\/en\/wp-json\/wp\/v2\/pages"}],"about":[{"href":"https:\/\/www.chateau.lamondette.fr\/en\/wp-json\/wp\/v2\/types\/page"}],"author":[{"embeddable":true,"href":"https:\/\/www.chateau.lamondette.fr\/en\/wp-json\/wp\/v2\/users\/1"}],"replies":[{"embeddable":true,"href":"https:\/\/www.chateau.lamondette.fr\/en\/wp-json\/wp\/v2\/comments?post=2982"}],"version-history":[{"count":32,"href":"https:\/\/www.chateau.lamondette.fr\/en\/wp-json\/wp\/v2\/pages\/2982\/revisions"}],"predecessor-version":[{"id":3252,"href":"https:\/\/www.chateau.lamondette.fr\/en\/wp-json\/wp\/v2\/pages\/2982\/revisions\/3252"}],"wp:attachment":[{"href":"https:\/\/www.chateau.lamondette.fr\/en\/wp-json\/wp\/v2\/media?parent=2982"}],"curies":[{"name":"wp","href":"https:\/\/api.w.org\/{rel}","templated":true}]}}